{"id":517,"date":"2018-07-10T13:12:08","date_gmt":"2018-07-10T11:12:08","guid":{"rendered":"https:\/\/alutecwheels.ch\/it\/motorsport"},"modified":"2018-12-19T14:10:08","modified_gmt":"2018-12-19T12:10:08","slug":"brand","status":"publish","type":"page","link":"https:\/\/alutecwheels.ch\/it\/brand","title":{"rendered":"Brand"},"content":{"rendered":"<h2 class=\"homewheeltitle\">Alutec cerchi in lega<\/h2>\n<p>&nbsp;<\/p>\n<p>&nbsp;<\/p>\n<div class=\"row\">\n<div class=\"col-sm-6\">\n<p><strong>Alutec &#8211; Cerchi in alluminio per esigenze speciali con Drive sportivo<\/strong><\/p>\n<p> Alutec \u00e8 l&#8217;azienda leader a livello internazionale nel campo dei cerchi in lega leggera! Con la nostra predilezione per un look sportivo e giovane, ci siamo affermati come trendsetter per uno stile dinamico. Anche nel caso in cui Lei preferisca un look pi\u00f9 elegante, Le offriamo una selezione impressionante con la nostra gamma di modelli raffinati. <\/p>\n<p> Sulla base di un&#8217;esperienza decennale, siamo sempre in grado di cogliere le nuove tendenze o di crearle noi stessi e di realizzarle professionalmente secondo i migliori aspetti tecnologici e qualitativi. Oltre al design, Alutec si concentra sui pi\u00f9 alti standard di qualit\u00e0. Ad esempio, ci avvaliamo costantemente di rivestimenti speciali resistenti ai raggi UV! Offriamo una garanzia fino a 5 anni per verniciature selezionate.  <\/p>\n<\/div>\n<div class=\"col-sm-6\">\n<p><strong> Cerchi sportivi per ogni occasione! <\/strong><\/p>\n<p> Oltre all&#8217;uso su strada, le ruote di qualit\u00e0 Alutec sono utilizzate anche in occasione di eventi di drifting come la Gymkhana Drift Cup. In queste competizioni sportive, che richiedono il massimo dell\u2019onere dal mezzo utilizzato, i veicoli dotati di cerchi Alutec hanno gi\u00e0 realizzato diversi record mondiali. \u00c8 cos\u00ec che veicoli appariscenti in strada sono diventati protagonisti delle competizioni sportive.  <\/p>\n<p> Come parte del gruppo svizzero UNIWHEELS, ci impegniamo sia per i nostri standard che per quelli dei nostri clienti. Design di forma, carattere sportivo e la pi\u00f9 alta qualit\u00e0!  <\/p>\n<p> Scopra il nostro assortimento e si convinca dei cerchi Alutec, che evidenziano efficacemente il carattere del Suo veicolo! <\/p>\n<\/div>\n<\/div>\n","protected":false},"excerpt":{"rendered":"<p>Alutec cerchi in lega &nbsp; &nbsp; Alutec &#8211; Cerchi in alluminio per esigenze speciali con Drive sportivo Alutec \u00e8 l&#8217;azienda leader a livello internazionale nel campo dei cerchi in lega leggera! Con la nostra predilezione per un look sportivo e giovane, ci siamo affermati come trendsetter per uno stile dinamico. Anche nel caso in cui [&hellip;]<\/p>\n","protected":false},"author":1,"featured_media":776,"parent":0,"menu_order":0,"comment_status":"closed","ping_status":"closed","template":"","meta":{"footnotes":""},"acf":[],"_links":{"self":[{"href":"https:\/\/alutecwheels.ch\/it\/wp-json\/wp\/v2\/pages\/517"}],"collection":[{"href":"https:\/\/alutecwheels.ch\/it\/wp-json\/wp\/v2\/pages"}],"about":[{"href":"https:\/\/alutecwheels.ch\/it\/wp-json\/wp\/v2\/types\/page"}],"author":[{"embeddable":true,"href":"https:\/\/alutecwheels.ch\/it\/wp-json\/wp\/v2\/users\/1"}],"replies":[{"embeddable":true,"href":"https:\/\/alutecwheels.ch\/it\/wp-json\/wp\/v2\/comments?post=517"}],"version-history":[{"count":10,"href":"https:\/\/alutecwheels.ch\/it\/wp-json\/wp\/v2\/pages\/517\/revisions"}],"predecessor-version":[{"id":806,"href":"https:\/\/alutecwheels.ch\/it\/wp-json\/wp\/v2\/pages\/517\/revisions\/806"}],"wp:featuredmedia":[{"embeddable":true,"href":"https:\/\/alutecwheels.ch\/it\/wp-json\/wp\/v2\/media\/776"}],"wp:attachment":[{"href":"https:\/\/alutecwheels.ch\/it\/wp-json\/wp\/v2\/media?parent=517"}],"curies":[{"name":"wp","href":"https:\/\/api.w.org\/{rel}","templated":true}]}}