{"id":515,"date":"2018-07-10T13:12:08","date_gmt":"2018-07-10T11:12:08","guid":{"rendered":"https:\/\/alutecwheels.ch\/fr\/motorsport"},"modified":"2018-12-19T14:07:35","modified_gmt":"2018-12-19T12:07:35","slug":"brand","status":"publish","type":"page","link":"https:\/\/alutecwheels.ch\/fr\/brand","title":{"rendered":"Brand"},"content":{"rendered":"<h2 class=\"homewheeltitle\">Alutec jantes en aluminium<\/h2>\n<p>&nbsp;<\/p>\n<p>&nbsp;<\/p>\n<div class=\"row\">\n<div class=\"col-sm-6\">\n<p><strong>Alutec &#8211; Jantes aluminium pour des clients exigeants \u00e0 la conduite sportive. <\/strong><\/p>\n<p>Alutec est le leader mondial des jantes en aluminium! En revendiquant un look sportif et jeune, nous nous sommes \u00e9tablis en tant que pionnier d\u2019un style dynamique qui nous caract\u00e9rise. Amateurs d\u2019\u00e9l\u00e9gance, vous trouverez \u00e0 coup s\u00fbr ce que vous cherchez au sein de notre large catalogue de mod\u00e8les. Ils sauront vous s\u00e9duire avec leurs aspect noble et travaill\u00e9.  <\/p>\n<p>Forts de plusieurs d\u00e9cennies d\u2019exp\u00e9rience, nous parvenons encore et toujours \u00e0 cerner les nouvelles tendances, quand nous n\u2019en sommes pas \u00e0 l\u2019origine, et \u00e0 les mettre en \u0153uvre de mani\u00e8re professionnelle en respectant les exigences de qualit\u00e9 et de nouveaut\u00e9s les plus \u00e9lev\u00e9es. Nous utilisons par exemple, des rev\u00eatements sp\u00e9ciaux, innovants et r\u00e9sistants aux UV! Syst\u00e9matiquement. Nous accordons une garantie pouvant aller jusqu&rsquo;\u00e0 5 ans selon le mod\u00e8le choisi. <\/p>\n<\/div>\n<div class=\"col-sm-6\">\n<p><strong> Des jantes sportives pour relever tous les d\u00e9fis! <\/strong><\/p>\n<p> En plus de leur utilisation sur route, les jantes de qualit\u00e9 Alutec sont utilis\u00e9es dans les \u00e9v\u00e9nements de drift tels que la Gymkhana Drift Cup. Dans ces grands \u00e9v\u00e9nements sportifs, les voitures sont soumises \u00e0 des pression et des charges toujours plus importantes, et les jantes Alutec ont d\u00e9montr\u00e9 leur efficacit\u00e9 avec des v\u00e9hicules ayant battu plusieurs records du monde. Plus qu\u2019un simple marqueur visuel de qualit\u00e9, Alutec s\u2019impose \u00e9galement comme l\u2019un des acteurs les plus performants de la comp\u00e9tition sportive. <\/p>\n<p>En tant que membre du groupe suisse UNIWHEELS, nous avons des exigences dignes de celles de nos clients. Design soign\u00e9, caract\u00e8re sportif et haute qualit\u00e9 ne sont pas n\u00e9gociables\u00a0!\n<\/p>\n<p> D\u00e9couvrez notre catalogue et choisissez les jantes Alutec pour vous et votre voiture. <\/p>\n<\/div>\n<\/div>\n","protected":false},"excerpt":{"rendered":"<p>Alutec jantes en aluminium &nbsp; &nbsp; Alutec &#8211; Jantes aluminium pour des clients exigeants \u00e0 la conduite sportive. Alutec est le leader mondial des jantes en aluminium! En revendiquant un look sportif et jeune, nous nous sommes \u00e9tablis en tant que pionnier d\u2019un style dynamique qui nous caract\u00e9rise. Amateurs d\u2019\u00e9l\u00e9gance, vous trouverez \u00e0 coup s\u00fbr [&hellip;]<\/p>\n","protected":false},"author":1,"featured_media":775,"parent":0,"menu_order":0,"comment_status":"closed","ping_status":"closed","template":"","meta":{"footnotes":""},"acf":[],"_links":{"self":[{"href":"https:\/\/alutecwheels.ch\/fr\/wp-json\/wp\/v2\/pages\/515"}],"collection":[{"href":"https:\/\/alutecwheels.ch\/fr\/wp-json\/wp\/v2\/pages"}],"about":[{"href":"https:\/\/alutecwheels.ch\/fr\/wp-json\/wp\/v2\/types\/page"}],"author":[{"embeddable":true,"href":"https:\/\/alutecwheels.ch\/fr\/wp-json\/wp\/v2\/users\/1"}],"replies":[{"embeddable":true,"href":"https:\/\/alutecwheels.ch\/fr\/wp-json\/wp\/v2\/comments?post=515"}],"version-history":[{"count":8,"href":"https:\/\/alutecwheels.ch\/fr\/wp-json\/wp\/v2\/pages\/515\/revisions"}],"predecessor-version":[{"id":803,"href":"https:\/\/alutecwheels.ch\/fr\/wp-json\/wp\/v2\/pages\/515\/revisions\/803"}],"wp:featuredmedia":[{"embeddable":true,"href":"https:\/\/alutecwheels.ch\/fr\/wp-json\/wp\/v2\/media\/775"}],"wp:attachment":[{"href":"https:\/\/alutecwheels.ch\/fr\/wp-json\/wp\/v2\/media?parent=515"}],"curies":[{"name":"wp","href":"https:\/\/api.w.org\/{rel}","templated":true}]}}